{"id":7501,"date":"2017-04-24T17:42:34","date_gmt":"2017-04-24T15:42:34","guid":{"rendered":"http:\/\/www.hoodtheme.com\/?page_id=7501"},"modified":"2023-04-04T13:49:55","modified_gmt":"2023-04-04T11:49:55","slug":"kontakt","status":"publish","type":"page","link":"https:\/\/esel-walk-wesel.de\/index.php\/business-1\/kontakt\/","title":{"rendered":"\u00dcber uns"},"content":{"rendered":"<div class=\"wpb-content-wrapper\"><p>[vc_row full_width=&#8221;stretch_row_content_no_spaces&#8221;][vc_column][vc_single_image image=&#8221;32225&#8243; img_size=&#8221;full&#8221;][vc_column_text]<a href=\"https:\/\/www.youtube.com\/watch?v=Edylx7gnYn0\" target=\"_blank\" rel=\"noopener\">Youtube Video Lauffreunde HADI Wesel e.V. click<\/a>[\/vc_column_text][vc_empty_space][vc_custom_heading text=&#8221;Lauffreunde HADI Wesel e.V.&#8221; font_container=&#8221;tag:h1|text_align:center&#8221; google_fonts=&#8221;font_family:Open%20Sans%3A300%2C300italic%2Cregular%2Citalic%2C600%2C600italic%2C700%2C700italic%2C800%2C800italic|font_style:400%20regular%3A400%3Anormal&#8221;][vc_empty_space][\/vc_column][\/vc_row][vc_row][vc_column width=&#8221;1\/3&#8243;][vc_custom_heading text=&#8221;Abteilung Walking und Nordic-Walking&#8221; font_container=&#8221;tag:h4|text_align:left&#8221; google_fonts=&#8221;font_family:Open%20Sans%3A300%2C300italic%2Cregular%2Citalic%2C600%2C600italic%2C700%2C700italic%2C800%2C800italic|font_style:400%20regular%3A400%3Anormal&#8221;][vc_empty_space][vc_column_text]<\/p>\n<p style=\"text-align: left;\"><span style=\"color: #333333;\"><strong>Lauffreunde HADI Wesel e.V. &#8211; Abteilung Walking und Nordic-Walking<\/strong><\/span><\/p>\n<p>&nbsp;<\/p>\n<p style=\"text-align: left;\"><span style=\"color: #333333;\">Seit 2016 haben die Lauffreunde neben der Laufabteilung auch eine eigene Abteilung f\u00fcr Walking\/Nordic-Walking.<\/span><br \/>\n<span style=\"color: #333333;\">Zu den Walking-\u00dcbungsleitern z\u00e4hlen 2 NW-Instructorinnen und 2 NW-Instructoren, die das Training leiten.<\/span><br \/>\n<span style=\"color: #333333;\">Nach Ank\u00fcndigung auf der HP oder in der Presse finden j\u00e4hrlich Einsteigerkurse statt. Nach pers\u00f6nlicher Absprache beim Lehrpersonal ist evtl. auch ein Quereinstieg m\u00f6glich. Eine gro\u00dfe Anzahl der vereinseigenen Walker geht auch auf Wettk\u00e4mpfe zumeist in NRW.<\/span><br \/>\n<span style=\"color: #333333;\">Seit dem 2019 bieten die Lauffreunde HADI Wesel mit dem ESEL-WALK Wesel auch eine eigene Walking-Veranstaltung f\u00fcr alle interessierten Walker und Nordic-Walker an.<\/span><\/p>\n<p>[\/vc_column_text][\/vc_column][vc_column width=&#8221;1\/3&#8243;][vc_single_image image=&#8221;31634&#8243; img_size=&#8221;large&#8221;][\/vc_column][vc_column width=&#8221;1\/3&#8243;][vc_custom_heading text=&#8221;Trainingszeiten&#8221; font_container=&#8221;tag:h4|text_align:left&#8221; google_fonts=&#8221;font_family:Open%20Sans%3A300%2C300italic%2Cregular%2Citalic%2C600%2C600italic%2C700%2C700italic%2C800%2C800italic|font_style:400%20regular%3A400%3Anormal&#8221;][vc_empty_space][vc_column_text]<span style=\"color: #333333;\">Dienstag und Donnerstag <\/span><\/p>\n<p><span style=\"color: #333333;\">um 18 Uhr <\/span><\/p>\n<p><span style=\"color: #333333;\">am Vereinsheim im Westenergie-Auestadion Wesel.<\/span><\/p>\n<p><span style=\"color: #333333;\">Wir laden Dich herzlich ein, unsere Strecke kennen zu lernen und gemeinsam Sport zu treiben.<\/span>[\/vc_column_text][\/vc_column][\/vc_row][vc_row][vc_column][vc_empty_space][vc_column_text]<span style=\"color: #333333;\">Unsere Nordic Walking Instrukteure stehen bei Fragen gerne pers\u00f6nlich zur Verf\u00fcgung. <\/span>Sende eine Email direkt an unsere Experten oder benutze das Kontaktformular.<\/p>\n<p>Wir freuen uns auf Deine Kontaktaufnahme.[\/vc_column_text][vc_empty_space height=&#8221;10px&#8221;][\/vc_column][\/vc_row][vc_row][vc_column width=&#8221;1\/4&#8243;][vc_hoverbox image=&#8221;31589&#8243; primary_title=&#8221;&#8221; hover_title=&#8221;Kontakt&#8221;]Ute Heinen<\/p>\n<p>Nordic Walking Instructor<\/p>\n<p>[\/vc_hoverbox][\/vc_column][vc_column width=&#8221;1\/4&#8243;][vc_hoverbox image=&#8221;31580&#8243; primary_title=&#8221;&#8221; hover_title=&#8221;Kontakt&#8221;]Hardmut Skarda<\/p>\n<p>Nordic Walking Instructor<\/p>\n<p>[\/vc_hoverbox][\/vc_column][vc_column width=&#8221;1\/4&#8243;][vc_hoverbox image=&#8221;32199&#8243; primary_title=&#8221;&#8221; hover_title=&#8221;Kontakt&#8221;]Ruth Koster<\/p>\n<p>Nordic Walking Instructor[\/vc_hoverbox][\/vc_column][vc_column width=&#8221;1\/4&#8243;][vc_hoverbox image=&#8221;31628&#8243; primary_title=&#8221;&#8221; hover_title=&#8221;Kontakt&#8221;]Hartmut Bernt\u00dfen<\/p>\n<p>Nordic Walking Instructor<\/p>\n<p>[\/vc_hoverbox][\/vc_column][\/vc_row][vc_row][vc_column][vc_empty_space][vc_separator color=&#8221;green&#8221; border_width=&#8221;3&#8243; el_width=&#8221;80&#8243;][vc_empty_space][\/vc_column][\/vc_row][vc_row css=&#8221;.vc_custom_1472564633924{margin-top: -30px !important;}&#8221;][vc_column width=&#8221;1\/2&#8243; css=&#8221;.vc_custom_1582475757265{margin-top: 40px !important;padding-top: 72px !important;padding-right: 40px !important;padding-bottom: 72px !important;padding-left: 40px !important;border-radius: 10px !important;}&#8221;][vc_single_image image=&#8221;31824&#8243; alignment=&#8221;center&#8221;][vc_column_text]<\/p>\n<p style=\"text-align: left;\"><span style=\"color: #333333;\">Benutze bitte das Kontaktformular oder sende uns eine E-Mail an:<\/span><\/p>\n<p><a href=\"mailto:walking@hadi-wesel.de\"><span style=\"color: #333333;\"><strong>walking@hadi-wesel.de<\/strong><\/span><\/a>[\/vc_column_text][vc_single_image image=&#8221;31359&#8243; img_size=&#8221;full&#8221;][\/vc_column][vc_column width=&#8221;1\/2&#8243; css=&#8221;.vc_custom_1480350449598{padding-top: 40px !important;padding-left: 30px !important;}&#8221;][vc_empty_space height=&#8221;40px&#8221;][vc_custom_heading text=&#8221;Kontakt&#8221; google_fonts=&#8221;font_family:Lato%3A100%2C100italic%2C300%2C300italic%2Cregular%2Citalic%2C700%2C700italic%2C900%2C900italic|font_style:400%20regular%3A400%3Anormal&#8221; css=&#8221;.vc_custom_1582554426731{padding-left: 25px !important;}&#8221;][vc_column_text]<span style=\"color: #333333;\"><a style=\"color: #333333;\" href=\"https:\/\/esel-walk-wesel.de\/index.php\/datenschutzerklaerung\" target=\"_blank\" rel=\"noopener noreferrer\">Hier geht es zu unserer <\/a><\/span><span style=\"color: #ec268f;\"><a style=\"color: #ec268f;\" href=\"https:\/\/esel-walk-wesel.de\/index.php\/datenschutzerklaerung\" target=\"_blank\" rel=\"noopener noreferrer\"><strong>Datenschutzerkl\u00e4rung<\/strong><\/a><\/span>[\/vc_column_text][vc_column_text]<\/p>\n<p style=\"text-align: center;\"><style id=\"wpforms-css-vars-32307\">\n\t\t\t\t#wpforms-32307 {\n\t\t\t\t\n\t\t\t}\n\t\t\t<\/style><div class=\"wpforms-container wpforms-container-full wpforms-render-modern\" id=\"wpforms-32307\"><form id=\"wpforms-form-32307\" class=\"wpforms-validate wpforms-form wpforms-ajax-form\" data-formid=\"32307\" method=\"post\" enctype=\"multipart\/form-data\" action=\"\/index.php\/wp-json\/wp\/v2\/pages\/7501\" data-token=\"9251abb087acc3b5f35e30689de2604b\" data-token-time=\"1776218254\"><noscript class=\"wpforms-error-noscript\">Bitte aktiviere JavaScript in deinem Browser, um dieses Formular fertigzustellen.<\/noscript><div id=\"wpforms-error-noscript\" style=\"display: none;\">Bitte aktiviere JavaScript in deinem Browser, um dieses Formular fertigzustellen.<\/div><div class=\"wpforms-field-container\"><div id=\"wpforms-32307-field_0-container\" class=\"wpforms-field wpforms-field-name\" data-field-id=\"0\"><fieldset><legend class=\"wpforms-field-label\">Name <span class=\"wpforms-required-label\" aria-hidden=\"true\">*<\/span><\/legend><div class=\"wpforms-field-row wpforms-field-medium\"><div class=\"wpforms-field-row-block wpforms-first wpforms-one-half\"><input type=\"text\" id=\"wpforms-32307-field_0\" class=\"wpforms-field-name-first wpforms-field-required\" name=\"wpforms[fields][0][first]\" aria-errormessage=\"wpforms-32307-field_0-error\" required><label for=\"wpforms-32307-field_0\" class=\"wpforms-field-sublabel after\">Vorname<\/label><\/div><div class=\"wpforms-field-row-block wpforms-one-half\"><input type=\"text\" id=\"wpforms-32307-field_0-last\" class=\"wpforms-field-name-last wpforms-field-required\" name=\"wpforms[fields][0][last]\" aria-errormessage=\"wpforms-32307-field_0-last-error\" required><label for=\"wpforms-32307-field_0-last\" class=\"wpforms-field-sublabel after\">Nachname<\/label><\/div><\/div><\/fieldset><\/div><div id=\"wpforms-32307-field_1-container\" class=\"wpforms-field wpforms-field-email\" data-field-id=\"1\"><label class=\"wpforms-field-label\" for=\"wpforms-32307-field_1\">E-Mail <span class=\"wpforms-required-label\" aria-hidden=\"true\">*<\/span><\/label><input type=\"email\" id=\"wpforms-32307-field_1\" class=\"wpforms-field-medium wpforms-field-required\" name=\"wpforms[fields][1]\" spellcheck=\"false\" aria-errormessage=\"wpforms-32307-field_1-error\" required><\/div><div id=\"wpforms-32307-field_2-container\" class=\"wpforms-field wpforms-field-textarea\" data-field-id=\"2\"><label class=\"wpforms-field-label\" for=\"wpforms-32307-field_2\">Kommentar oder Nachricht<\/label><textarea id=\"wpforms-32307-field_2\" class=\"wpforms-field-medium\" name=\"wpforms[fields][2]\" aria-errormessage=\"wpforms-32307-field_2-error\" ><\/textarea><\/div><div id=\"wpforms-32307-field_3-container\" class=\"wpforms-field wpforms-field-gdpr-checkbox\" data-field-id=\"3\"><label class=\"wpforms-field-label\">DSGVO-Einverst\u00e4ndnis <span class=\"wpforms-required-label\" aria-hidden=\"true\">*<\/span><\/label><ul id=\"wpforms-32307-field_3\" class=\"wpforms-field-required\"><li class=\"choice-1\"><input type=\"checkbox\" id=\"wpforms-32307-field_3_1\" name=\"wpforms[fields][3][]\" value=\"Ich willige ein, dass diese Website meine \u00fcbermittelten Informationen speichert, sodass meine Anfrage beantwortet werden kann.\" aria-errormessage=\"wpforms-32307-field_3_1-error\" required ><label class=\"wpforms-field-label-inline\" for=\"wpforms-32307-field_3_1\">Ich willige ein, dass diese Website meine \u00fcbermittelten Informationen speichert, sodass meine Anfrage beantwortet werden kann.<\/label><\/li><\/ul><\/div><\/div><!-- .wpforms-field-container --><div class=\"wpforms-recaptcha-container wpforms-is-hcaptcha\" ><div class=\"h-captcha\" data-sitekey=\"7a469e1a-76a8-4866-bde3-970566b65130\"><\/div><input type=\"text\" name=\"g-recaptcha-hidden\" class=\"wpforms-recaptcha-hidden\" style=\"position:absolute!important;clip:rect(0,0,0,0)!important;height:1px!important;width:1px!important;border:0!important;overflow:hidden!important;padding:0!important;margin:0!important;\" data-rule-hcaptcha=\"1\"><\/div><div class=\"wpforms-submit-container\" ><input type=\"hidden\" name=\"wpforms[id]\" value=\"32307\"><input type=\"hidden\" name=\"page_title\" value=\"\"><input type=\"hidden\" name=\"page_url\" value=\"https:\/\/esel-walk-wesel.de\/index.php\/wp-json\/wp\/v2\/pages\/7501\"><input type=\"hidden\" name=\"url_referer\" value=\"\"><button type=\"submit\" name=\"wpforms[submit]\" id=\"wpforms-submit-32307\" class=\"wpforms-submit\" data-alt-text=\"Senden\u2026\" data-submit-text=\"Absenden\" aria-live=\"assertive\" value=\"wpforms-submit\">Absenden<\/button><img loading=\"lazy\" decoding=\"async\" src=\"https:\/\/esel-walk-wesel.de\/wp-content\/plugins\/wpforms-lite\/assets\/images\/submit-spin.svg\" class=\"wpforms-submit-spinner\" style=\"display: none;\" width=\"26\" height=\"26\" alt=\"Wird geladen\"><\/div><\/form><\/div>  <!-- .wpforms-container --><\/p>\n<p>[\/vc_column_text][\/vc_column][\/vc_row][vc_row][vc_column][vc_column_text][\/vc_column_text][\/vc_column][\/vc_row]<\/p>\n<\/div>","protected":false},"excerpt":{"rendered":"<p>[vc_row full_width=&#8221;stretch_row_content_no_spaces&#8221;][vc_column][vc_single_image image=&#8221;32225&#8243; img_size=&#8221;full&#8221;][vc_column_text]Youtube Video Lauffreunde HADI Wesel e.V. click[\/vc_column_text][vc_empty_space][vc_custom_heading text=&#8221;Lauffreunde HADI Wesel e.V.&#8221; font_container=&#8221;tag:h1|text_align:center&#8221; google_fonts=&#8221;font_family:Open%20Sans%3A300%2C300italic%2Cregular%2Citalic%2C600%2C600italic%2C700%2C700italic%2C800%2C800italic|font_style:400%20regular%3A400%3Anormal&#8221;][vc_empty_space][\/vc_column][\/vc_row][vc_row][vc_column width=&#8221;1\/3&#8243;][vc_custom_heading text=&#8221;Abteilung Walking und Nordic-Walking&#8221; font_container=&#8221;tag:h4|text_align:left&#8221; google_fonts=&#8221;font_family:Open%20Sans%3A300%2C300italic%2Cregular%2Citalic%2C600%2C600italic%2C700%2C700italic%2C800%2C800italic|font_style:400%20regular%3A400%3Anormal&#8221;][vc_empty_space][vc_column_text] Lauffreunde HADI Wesel e.V. &#8211; Abteilung Walking und Nordic-Walking &nbsp; Seit 2016 haben die Lauffreunde neben der Laufabteilung auch eine eigene Abteilung f\u00fcr Walking\/Nordic-Walking. Zu den Walking-\u00dcbungsleitern z\u00e4hlen 2 NW-Instructorinnen und 2 [&hellip;]<\/p>\n","protected":false},"author":1,"featured_media":0,"parent":25465,"menu_order":0,"comment_status":"closed","ping_status":"closed","template":"","meta":{"advanced_seo_description":"","jetpack_seo_html_title":"","jetpack_seo_noindex":false,"footnotes":""},"class_list":["post-7501","page","type-page","status-publish","hentry"],"jetpack_sharing_enabled":true,"_links":{"self":[{"href":"https:\/\/esel-walk-wesel.de\/index.php\/wp-json\/wp\/v2\/pages\/7501","targetHints":{"allow":["GET"]}}],"collection":[{"href":"https:\/\/esel-walk-wesel.de\/index.php\/wp-json\/wp\/v2\/pages"}],"about":[{"href":"https:\/\/esel-walk-wesel.de\/index.php\/wp-json\/wp\/v2\/types\/page"}],"author":[{"embeddable":true,"href":"https:\/\/esel-walk-wesel.de\/index.php\/wp-json\/wp\/v2\/users\/1"}],"replies":[{"embeddable":true,"href":"https:\/\/esel-walk-wesel.de\/index.php\/wp-json\/wp\/v2\/comments?post=7501"}],"version-history":[{"count":0,"href":"https:\/\/esel-walk-wesel.de\/index.php\/wp-json\/wp\/v2\/pages\/7501\/revisions"}],"up":[{"embeddable":true,"href":"https:\/\/esel-walk-wesel.de\/index.php\/wp-json\/wp\/v2\/pages\/25465"}],"wp:attachment":[{"href":"https:\/\/esel-walk-wesel.de\/index.php\/wp-json\/wp\/v2\/media?parent=7501"}],"curies":[{"name":"wp","href":"https:\/\/api.w.org\/{rel}","templated":true}]}}