{"id":32113,"date":"2022-05-21T12:19:33","date_gmt":"2022-05-21T10:19:33","guid":{"rendered":"https:\/\/esel-walk-wesel.de\/?page_id=32113"},"modified":"2023-03-19T10:34:58","modified_gmt":"2023-03-19T09:34:58","slug":"2022-2","status":"publish","type":"page","link":"https:\/\/esel-walk-wesel.de\/index.php\/2022-2\/","title":{"rendered":"2022"},"content":{"rendered":"<div class=\"wpb-content-wrapper\"><p>[vc_row full_width=&#8221;stretch_row_content_no_spaces&#8221; css=&#8221;.vc_custom_1679218448512{margin-top: -40px !important;}&#8221;][vc_column][vc_single_image image=&#8221;32225&#8243; img_size=&#8221;full&#8221;][vc_empty_space height=&#8221;35&#8243;][vc_column_text]<a href=\"https:\/\/www.youtube.com\/watch?v=Edylx7gnYn0\" target=\"_blank\" rel=\"noopener\">Youtube Video Lauffreunde HADI Wesel e.V. click<\/a>[\/vc_column_text][\/vc_column][\/vc_row][vc_row][vc_column][vc_row_inner][vc_column_inner width=&#8221;1\/4&#8243;][vc_empty_space height=&#8221;60px&#8221;][vc_single_image image=&#8221;31871&#8243; img_size=&#8221;medium&#8221;][\/vc_column_inner][vc_column_inner width=&#8221;3\/4&#8243;][vc_column_text]<\/p>\n<h1>3. ESEL-WALK Wesel<\/h1>\n<p style=\"text-align: left;\">Viel Spass beim 3. Esel Walk Wesel hatten heute 42 Finisher und das Hadi Wesel Helferteam.<br \/>\nOhne Maske und mit guter Motivation traten heute 21 Nordic- u. 21 Walker die 7, 5 km am Auesee an. Zum Start gab es von 2 waschechten Eseln der Eselfreunde Niederrhein Starthilfe f\u00fcr die Aktiven. Nach den 2 absolvierten Runden wartete beim Kuchenbuffet eine sch\u00f6ne Siegerehrung f\u00fcr die 3 schnellsten m\/w und W\/N. Nach vielen netten Gespr\u00e4chen vor allem mit den beiden gr\u00f6ssten Teams aus Oberhausen OTV 1873 und AS Neukirchen-Vluyn kann man sagen, dass es heute nur Gewinner gab.<\/p>\n<p>[\/vc_column_text][\/vc_column_inner][\/vc_row_inner][vc_empty_space height=&#8221;60px&#8221;][\/vc_column][\/vc_row][vc_row][vc_column][vc_custom_heading text=&#8221;Sieger &amp; Siegerinnen 2022&#8243; font_container=&#8221;tag:h2|text_align:center&#8221; google_fonts=&#8221;font_family:Open%20Sans%3A300%2C300italic%2Cregular%2Citalic%2C600%2C600italic%2C700%2C700italic%2C800%2C800italic|font_style:300%20light%20regular%3A300%3Anormal&#8221;][vc_empty_space height=&#8221;60px&#8221;][\/vc_column][\/vc_row][vc_row][vc_column][vc_column_text]<\/p>\n<h2 style=\"text-align: center;\"><span style=\"color: #333333;\">7,5 km Walking<\/span><\/h2>\n<p>[\/vc_column_text][\/vc_column][\/vc_row][vc_row][vc_column width=&#8221;1\/6&#8243;][\/vc_column][vc_column width=&#8221;2\/6&#8243;][vc_column_text]<\/p>\n<p style=\"text-align: left;\"><span style=\"color: #333333;\">1. Josef Voss \/ 53:48 \/ Datteln<\/span><br \/>\n<span style=\"color: #333333;\">2. Mirko Milazar \/ 55:42 \/ Oberhausener Turnverein v. 1873<\/span><br \/>\n<span style=\"color: #333333;\">3. Johannes Martin \/ 1:01:43 \/ AS Neukirchen-Vluyn<\/span><\/p>\n<p>[\/vc_column_text][\/vc_column][vc_column width=&#8221;2\/6&#8243;][vc_column_text]<\/p>\n<p style=\"text-align: left;\"><span style=\"color: #333333;\">1. Jutta Erlekotte \/ 55:04 \/ Marathon Dinslaken<\/span><br \/>\n<span style=\"color: #333333;\">2. Maria Geppert \/ 58:55<\/span><br \/>\n<span style=\"color: #333333;\">3. Regina Bolik \/ 59:39 \/ Oberhausener Turnverein v. 1873<\/span><\/p>\n<p>[\/vc_column_text][\/vc_column][vc_column width=&#8221;1\/6&#8243;][\/vc_column][\/vc_row][vc_row][vc_column][vc_column_text]<\/p>\n<h2 style=\"text-align: center;\"><span style=\"color: #333333;\">7,5 km Nordic Walking<\/span><\/h2>\n<p>[\/vc_column_text][\/vc_column][\/vc_row][vc_row][vc_column width=&#8221;1\/6&#8243;][\/vc_column][vc_column width=&#8221;2\/6&#8243;][vc_column_text]<\/p>\n<p style=\"text-align: left;\"><span style=\"color: #333333;\">1. Hartmut R\u00f6der \/ 55:52 \/ AS Neukirchen-Vluyn<\/span><br \/>\n<span style=\"color: #333333;\">2. Achim Genz \/ 56:08 \/ AS Neukirchen-Vluyn<\/span><br \/>\n<span style=\"color: #333333;\">3. Uwe Otto \/ 1:01:12 \/ Schneckentempo<\/span><\/p>\n<p>[\/vc_column_text][\/vc_column][vc_column width=&#8221;2\/6&#8243;][vc_column_text]<\/p>\n<p style=\"text-align: left;\"><span style=\"color: #333333;\">1. Sabine Unger \/ 53:10 \/ SV Brambauer 50<\/span><br \/>\n<span style=\"color: #333333;\">2. Christa Postulart \/ 54:56<\/span><br \/>\n<span style=\"color: #333333;\">3. Monika Bodde \/ 56:38 \/ AS Neukirchen-Vluyn<\/span><\/p>\n<p>[\/vc_column_text][\/vc_column][vc_column width=&#8221;1\/6&#8243;][\/vc_column][\/vc_row][vc_row][vc_column][vc_empty_space][\/vc_column][\/vc_row][vc_row][vc_column width=&#8221;1\/2&#8243;][\/vc_column][vc_column width=&#8221;1\/4&#8243;][vc_column_text]<span style=\"color: #333333;\">Eine komplette Liste aller Teilnehmer und Platzierungen findest du hier.<\/span>[\/vc_column_text][\/vc_column][vc_column width=&#8221;1\/4&#8243;][vc_btn title=&#8221;Ergebnisse 2022&#8243; color=&#8221;green&#8221; size=&#8221;sm&#8221; link=&#8221;url:https%3A%2F%2Fmy.raceresult.com%2F198029%2Fresults||target:%20_blank|&#8221;][\/vc_column][\/vc_row][vc_row][vc_column][vc_separator color=&#8221;green&#8221;][\/vc_column][\/vc_row][vc_row][vc_column][vc_empty_space][vc_custom_heading text=&#8221;Bildergalerie&#8221; google_fonts=&#8221;font_family:Open%20Sans%3A300%2C300italic%2Cregular%2Citalic%2C600%2C600italic%2C700%2C700italic%2C800%2C800italic|font_style:300%20light%20regular%3A300%3Anormal&#8221;][\/vc_column][\/vc_row][vc_row full_width=&#8221;stretch_row_content&#8221; content_placement=&#8221;middle&#8221;][vc_column alignment=&#8221;center&#8221;][vc_masonry_media_grid style=&#8221;load-more&#8221; items_per_page=&#8221;24&#8243; btn_color=&#8221;juicy-pink&#8221; grid_id=&#8221;vc_gid:1679218427767-dac8dc64-47d7-9&#8243; include=&#8221;32136,32163,32133,32165,32166,32135,32167,32132,32131,32147,32148,32149,32150,32164,32151,32152,32153,32157,32158,32154,32155,32156,32168,32129,32128,32137,32162,32160,32161,32159&#8243;][\/vc_column][\/vc_row]<\/p>\n<\/div>","protected":false},"excerpt":{"rendered":"<p>[vc_row full_width=&#8221;stretch_row_content_no_spaces&#8221; css=&#8221;.vc_custom_1679218448512{margin-top: -40px !important;}&#8221;][vc_column][vc_single_image image=&#8221;32225&#8243; img_size=&#8221;full&#8221;][vc_empty_space height=&#8221;35&#8243;][vc_column_text]Youtube Video Lauffreunde HADI Wesel e.V. click[\/vc_column_text][\/vc_column][\/vc_row][vc_row][vc_column][vc_row_inner][vc_column_inner width=&#8221;1\/4&#8243;][vc_empty_space height=&#8221;60px&#8221;][vc_single_image image=&#8221;31871&#8243; img_size=&#8221;medium&#8221;][\/vc_column_inner][vc_column_inner width=&#8221;3\/4&#8243;][vc_column_text] 3. ESEL-WALK Wesel Viel Spass beim 3. Esel Walk Wesel hatten heute 42 Finisher und das Hadi Wesel Helferteam. Ohne Maske und mit guter Motivation traten heute 21 Nordic- u. 21 Walker die 7, 5 km [&hellip;]<\/p>\n","protected":false},"author":1,"featured_media":0,"parent":0,"menu_order":0,"comment_status":"closed","ping_status":"closed","template":"","meta":{"advanced_seo_description":"","jetpack_seo_html_title":"","jetpack_seo_noindex":false,"footnotes":""},"class_list":["post-32113","page","type-page","status-publish","hentry"],"jetpack_sharing_enabled":true,"_links":{"self":[{"href":"https:\/\/esel-walk-wesel.de\/index.php\/wp-json\/wp\/v2\/pages\/32113","targetHints":{"allow":["GET"]}}],"collection":[{"href":"https:\/\/esel-walk-wesel.de\/index.php\/wp-json\/wp\/v2\/pages"}],"about":[{"href":"https:\/\/esel-walk-wesel.de\/index.php\/wp-json\/wp\/v2\/types\/page"}],"author":[{"embeddable":true,"href":"https:\/\/esel-walk-wesel.de\/index.php\/wp-json\/wp\/v2\/users\/1"}],"replies":[{"embeddable":true,"href":"https:\/\/esel-walk-wesel.de\/index.php\/wp-json\/wp\/v2\/comments?post=32113"}],"version-history":[{"count":0,"href":"https:\/\/esel-walk-wesel.de\/index.php\/wp-json\/wp\/v2\/pages\/32113\/revisions"}],"wp:attachment":[{"href":"https:\/\/esel-walk-wesel.de\/index.php\/wp-json\/wp\/v2\/media?parent=32113"}],"curies":[{"name":"wp","href":"https:\/\/api.w.org\/{rel}","templated":true}]}}