{"id":30819,"date":"2020-02-05T12:40:06","date_gmt":"2020-02-05T12:40:06","guid":{"rendered":"https:\/\/esel-walk-wesel.de\/?page_id=30819"},"modified":"2023-03-19T18:07:25","modified_gmt":"2023-03-19T17:07:25","slug":"strecke","status":"publish","type":"page","link":"https:\/\/esel-walk-wesel.de\/index.php\/strecke\/","title":{"rendered":"Strecke"},"content":{"rendered":"<div class=\"wpb-content-wrapper\"><p>[vc_row full_width=&#8221;stretch_row_content_no_spaces&#8221; css=&#8221;.vc_custom_1679216963348{margin-top: -40px !important;}&#8221;][vc_column][vc_single_image image=&#8221;32225&#8243; img_size=&#8221;full&#8221;][vc_column_text]<a href=\"https:\/\/www.youtube.com\/watch?v=Edylx7gnYn0\" target=\"_blank\" rel=\"noopener\">Youtube Video Lauffreunde HADI Wesel e.V. click<\/a>[\/vc_column_text][vc_empty_space][vc_row_inner][vc_column_inner][vc_custom_heading text=&#8221;S T R E C K E&#8221; font_container=&#8221;tag:h1|text_align:center&#8221; google_fonts=&#8221;font_family:Open%20Sans%3A300%2C300italic%2Cregular%2Citalic%2C600%2C600italic%2C700%2C700italic%2C800%2C800italic|font_style:400%20regular%3A400%3Anormal&#8221;][\/vc_column_inner][\/vc_row_inner][vc_empty_space height=&#8221;20px&#8221;][\/vc_column][\/vc_row][vc_row][vc_column width=&#8221;1\/2&#8243;][vc_column_text]<\/p>\n<div class=\"Te80D\">\n<div class=\"_3l4Fr\">\n<div class=\"\"><\/div>\n<\/div>\n<\/div>\n<div class=\"_3gHX_\">\n<div class=\"Te80D\">\n<div class=\"_3l4Fr\">\n<div class=\"\">\n<p class=\"text-align-center\"><span style=\"color: #333333;\"><strong>Liebe Teilnehmer und Besucher des ESEL-Walk Wesel<br \/>\n<\/strong><\/span><\/p>\n<p class=\"text-align-center\"><span style=\"color: #333333;\">Die Wettkampfstrecke der\u00a0<strong>Esel-Walk Veranstaltung<\/strong> f\u00fchrt \u00fcber die Strecke des sp\u00e4ter stattfindenden &#8220;Moonlight-Laufes&#8221; der Lauffreunde HADI Wesel.<\/span><br \/>\n<span style=\"color: #333333;\">Dabei sind 2 mal 3,75 km zu walken, was zu einer\u00a0<strong>7,5 km Strecke<\/strong>\u00a0f\u00fchrt, die zugleich\u00a0<strong>&#8220;sportabzeichenf\u00e4hig&#8221;<\/strong>\u00a0ist.<\/span><\/p>\n<p class=\"text-align-center\">\n<\/div>\n<\/div>\n<\/div>\n<\/div>\n<p>[\/vc_column_text][\/vc_column][vc_column width=&#8221;1\/2&#8243;][vc_column_text]<\/p>\n<p class=\"text-align-center\"><strong>Streckenbeschreibung<\/strong><\/p>\n<p style=\"text-align: left;\"><span style=\"color: #000000;\">Der Startpunkt f\u00fcr den Esel-Walk liegt au\u00dferhalb des Stadions, kurz vor dem Start gehen die Teilnehmer gemeinsam zur Startlinie.<\/span><\/p>\n<p style=\"text-align: left;\"><span style=\"color: #000000;\">Die 3,5 km lange Laufstrecke auf der Halbinsel im Landschaftsschutzgebiet, endet nach der zweiten Runde mit dem Einlauf durch die Zielgasse im Stadion.<\/span><\/p>\n<p class=\"copy\" style=\"text-align: left;\"><span style=\"color: #000000;\">Untergrund :<\/span><span style=\"color: #000000;\">\u00a0Asphalt und Schotterweg.<\/span><\/p>\n<p>[\/vc_column_text][\/vc_column][vc_column][\/vc_column][\/vc_row][vc_row][vc_column][vc_empty_space][\/vc_column][\/vc_row][vc_row full_width=&#8221;stretch_row_content&#8221; preset=&#8221;&#8221; content_preset=&#8221;&#8221; toggle_font_preset=&#8221;&#8221; toggle_font_color=&#8221;&#8221; toggle_font_size=&#8221;&#8221; toggle_font_line_height=&#8221;&#8221; toggle_font_transform=&#8221;&#8221; toggle_font_align=&#8221;&#8221; toggle_background_type=&#8221;&#8221; toggle_background_position=&#8221;&#8221; toggle_background_image_size=&#8221;&#8221; toggle_background_color=&#8221;&#8221; toggle_background_repeat=&#8221;&#8221; toggle_background_size=&#8221;&#8221; toggle_background_gradient=&#8221;&#8221; toggle_border_all=&#8221;&#8221; toggle_border_top=&#8221;&#8221; toggle_border_right=&#8221;&#8221; toggle_border_bottom=&#8221;&#8221; toggle_border_left=&#8221;&#8221; toggle_border_style=&#8221;&#8221; toggle_border_color=&#8221;&#8221; toggle_border_css=&#8221;&#8221; toggle_border_radius=&#8221;&#8221; toggle_padding_all=&#8221;&#8221; toggle_padding_top=&#8221;&#8221; toggle_padding_right=&#8221;&#8221; toggle_padding_bottom=&#8221;&#8221; toggle_padding_left=&#8221;&#8221; toggle_padding_unit=&#8221;&#8221; toggle_padding_css=&#8221;&#8221; toggle_margin_all=&#8221;&#8221; toggle_margin_top=&#8221;&#8221; toggle_margin_right=&#8221;&#8221; toggle_margin_bottom=&#8221;&#8221; toggle_margin_left=&#8221;&#8221; toggle_margin_unit=&#8221;&#8221; toggle_margin_css=&#8221;&#8221; toggle_icon_type=&#8221;&#8221; toggle_icon=&#8221;&#8221; toggle_icon_preset=&#8221;&#8221; toggle_icon_character=&#8221;&#8221; toggle_icon_image_size=&#8221;&#8221; toggle_icon_color=&#8221;&#8221; toggle_icon_size=&#8221;&#8221; toggle_icon_background_type=&#8221;&#8221; toggle_icon_background_position=&#8221;&#8221; toggle_icon_background_image_size=&#8221;&#8221; toggle_icon_background_color=&#8221;&#8221; toggle_icon_background_repeat=&#8221;&#8221; toggle_icon_background_size=&#8221;&#8221; toggle_icon_background_gradient=&#8221;&#8221; toggle_icon_border_all=&#8221;&#8221; toggle_icon_border_top=&#8221;&#8221; toggle_icon_border_right=&#8221;&#8221; toggle_icon_border_bottom=&#8221;&#8221; toggle_icon_border_left=&#8221;&#8221; toggle_icon_border_style=&#8221;&#8221; toggle_icon_border_color=&#8221;&#8221; toggle_icon_border_css=&#8221;&#8221; toggle_icon_border_radius=&#8221;&#8221; toggle_icon_padding_all=&#8221;&#8221; toggle_icon_padding_top=&#8221;&#8221; toggle_icon_padding_right=&#8221;&#8221; toggle_icon_padding_bottom=&#8221;&#8221; toggle_icon_padding_left=&#8221;&#8221; toggle_icon_padding_unit=&#8221;&#8221; toggle_icon_padding_css=&#8221;&#8221; toggle_icon_margin_all=&#8221;&#8221; toggle_icon_margin_top=&#8221;&#8221; toggle_icon_margin_right=&#8221;&#8221; toggle_icon_margin_bottom=&#8221;&#8221; toggle_icon_margin_left=&#8221;&#8221; toggle_icon_margin_unit=&#8221;&#8221; toggle_icon_margin_css=&#8221;&#8221; hover_toggle_font_color=&#8221;&#8221; hover_toggle_font_size=&#8221;&#8221; hover_toggle_font_align=&#8221;&#8221; hover_toggle_background_type=&#8221;&#8221; hover_toggle_background_position=&#8221;&#8221; hover_toggle_background_image_size=&#8221;&#8221; hover_toggle_background_color=&#8221;&#8221; hover_toggle_background_repeat=&#8221;&#8221; hover_toggle_background_size=&#8221;&#8221; hover_toggle_background_gradient=&#8221;&#8221; hover_toggle_border_all=&#8221;&#8221; hover_toggle_border_top=&#8221;&#8221; hover_toggle_border_right=&#8221;&#8221; hover_toggle_border_bottom=&#8221;&#8221; hover_toggle_border_left=&#8221;&#8221; hover_toggle_border_style=&#8221;&#8221; hover_toggle_border_color=&#8221;&#8221; hover_toggle_border_css=&#8221;&#8221; hover_toggle_border_radius=&#8221;&#8221; hover_toggle_icon_type=&#8221;&#8221; hover_toggle_icon=&#8221;&#8221; hover_toggle_icon_preset=&#8221;&#8221; hover_toggle_icon_character=&#8221;&#8221; hover_toggle_icon_image_size=&#8221;&#8221; hover_toggle_icon_color=&#8221;&#8221; hover_toggle_icon_size=&#8221;&#8221; hover_toggle_icon_background_type=&#8221;&#8221; hover_toggle_icon_background_position=&#8221;&#8221; hover_toggle_icon_background_image_size=&#8221;&#8221; hover_toggle_icon_background_color=&#8221;&#8221; hover_toggle_icon_background_repeat=&#8221;&#8221; hover_toggle_icon_background_size=&#8221;&#8221; hover_toggle_icon_background_gradient=&#8221;&#8221; hover_toggle_icon_border_all=&#8221;&#8221; hover_toggle_icon_border_top=&#8221;&#8221; hover_toggle_icon_border_right=&#8221;&#8221; hover_toggle_icon_border_bottom=&#8221;&#8221; hover_toggle_icon_border_left=&#8221;&#8221; hover_toggle_icon_border_style=&#8221;&#8221; hover_toggle_icon_border_color=&#8221;&#8221; hover_toggle_icon_border_css=&#8221;&#8221; hover_toggle_icon_border_radius=&#8221;&#8221; url=&#8221;&#8221; first_background_type=&#8221;&#8221; first_background_position=&#8221;&#8221; first_background_image_size=&#8221;&#8221; first_background_color=&#8221;&#8221; first_background_repeat=&#8221;&#8221; first_background_size=&#8221;&#8221; first_background_gradient=&#8221;&#8221; second_background_type=&#8221;&#8221; second_background_position=&#8221;&#8221; second_background_image_size=&#8221;&#8221; second_background_color=&#8221;&#8221; second_background_repeat=&#8221;&#8221; second_background_size=&#8221;&#8221; second_background_gradient=&#8221;&#8221; enable_parallax=&#8221;true&#8221; parallax_background=&#8221;31535&#8243; parallax_style=&#8221;&#8221; animation_in_divider=&#8221;&#8221; animation_in_type=&#8221;&#8221; animation_in_offset=&#8221;&#8221; animation_in_duration=&#8221;&#8221; animation_in_delay=&#8221;&#8221; animation_loop_divider=&#8221;&#8221; animation_loop_type=&#8221;&#8221; animation_loop_duration=&#8221;&#8221; animation_loop_delay=&#8221;&#8221; toggle_divider=&#8221;&#8221; first_overlay_divider=&#8221;&#8221; second_overlay_divider=&#8221;&#8221; parallax_divider=&#8221;&#8221; top_separator_divider=&#8221;&#8221; bottom_separator_divider=&#8221;&#8221; css=&#8221;.vc_custom_1679245560139{background-image: url(https:\/\/esel-walk-wesel.de\/wp-content\/uploads\/2020\/02\/strecke_ge.jpg?id=31535) !important;background-position: center !important;background-repeat: no-repeat !important;background-size: cover !important;}&#8221;][vc_column width=&#8221;1\/2&#8243;][vc_empty_space height=&#8221;60px&#8221;][vc_custom_heading text=&#8221;Lageplan der 3,5km langen Strecke&#8221; font_container=&#8221;tag:h2|text_align:center|color:%23ffffff&#8221; google_fonts=&#8221;font_family:Open%20Sans%3A300%2C300italic%2Cregular%2Citalic%2C600%2C600italic%2C700%2C700italic%2C800%2C800italic|font_style:400%20regular%3A400%3Anormal&#8221;][\/vc_column][vc_column width=&#8221;1\/2&#8243; preset=&#8221;&#8221; content_preset=&#8221;&#8221; url=&#8221;&#8221; alignment=&#8221;&#8221; animation_in_divider=&#8221;&#8221; animation_in_type=&#8221;&#8221; animation_in_offset=&#8221;&#8221; animation_in_duration=&#8221;&#8221; animation_in_delay=&#8221;&#8221; animation_loop_divider=&#8221;&#8221; animation_loop_type=&#8221;&#8221; animation_loop_duration=&#8221;&#8221; animation_loop_delay=&#8221;&#8221;][vc_empty_space height=&#8221;60px&#8221;][vc_single_image image=&#8221;30849&#8243; img_size=&#8221;500&#215;500&#8243; alignment=&#8221;right&#8221; style=&#8221;vc_box_rounded&#8221;][vc_empty_space height=&#8221;200px&#8221;][vc_empty_space][\/vc_column][\/vc_row][vc_row][vc_column][vc_empty_space][\/vc_column][\/vc_row][vc_row][vc_column width=&#8221;1\/2&#8243;][vc_custom_heading text=&#8221;Detailansicht&#8221; google_fonts=&#8221;font_family:Open%20Sans%3A300%2C300italic%2Cregular%2Citalic%2C600%2C600italic%2C700%2C700italic%2C800%2C800italic|font_style:300%20light%20regular%3A300%3Anormal&#8221;][vc_empty_space height=&#8221;10px&#8221;][vc_single_image image=&#8221;31511&#8243; img_size=&#8221;full&#8221;][\/vc_column][vc_column width=&#8221;1\/2&#8243;][vc_empty_space height=&#8221;85px&#8221;][vc_column_text]<span style=\"color: #333333;\">Wir haben einen gro\u00dfen und\u00a0<strong>kostenfreien Parkplatz<\/strong>\u00a0nur f\u00fcr Euch reserviert.<\/span><\/p>\n<p><span style=\"color: #333333;\">Bitte folgt den\u00a0<strong>Hinweisen zum Parkplatz Westenergie Auestadion<\/strong> und<\/span><br \/>\n<span style=\"color: #333333;\">befolgtden Anweisungen unserer freundlichen Parkplatzeinweiser. Danke!<\/span><\/p>\n<p class=\"text-align-center\"><span style=\"color: #333333;\"><strong>F\u00fcr das Navi: 46487 Wesel, In der Aue 1<\/strong><\/span><\/p>\n<p>[\/vc_column_text][\/vc_column][\/vc_row]<\/p>\n<\/div>","protected":false},"excerpt":{"rendered":"<p>[vc_row full_width=&#8221;stretch_row_content_no_spaces&#8221; css=&#8221;.vc_custom_1679216963348{margin-top: -40px !important;}&#8221;][vc_column][vc_single_image image=&#8221;32225&#8243; img_size=&#8221;full&#8221;][vc_column_text]Youtube Video Lauffreunde HADI Wesel e.V. click[\/vc_column_text][vc_empty_space][vc_row_inner][vc_column_inner][vc_custom_heading text=&#8221;S T R E C K E&#8221; font_container=&#8221;tag:h1|text_align:center&#8221; google_fonts=&#8221;font_family:Open%20Sans%3A300%2C300italic%2Cregular%2Citalic%2C600%2C600italic%2C700%2C700italic%2C800%2C800italic|font_style:400%20regular%3A400%3Anormal&#8221;][\/vc_column_inner][\/vc_row_inner][vc_empty_space height=&#8221;20px&#8221;][\/vc_column][\/vc_row][vc_row][vc_column width=&#8221;1\/2&#8243;][vc_column_text] Liebe Teilnehmer und Besucher des ESEL-Walk Wesel Die Wettkampfstrecke der\u00a0Esel-Walk Veranstaltung f\u00fchrt \u00fcber die Strecke des sp\u00e4ter stattfindenden &#8220;Moonlight-Laufes&#8221; der Lauffreunde HADI Wesel. Dabei sind 2 mal 3,75 km zu walken, [&hellip;]<\/p>\n","protected":false},"author":1,"featured_media":0,"parent":0,"menu_order":0,"comment_status":"closed","ping_status":"closed","template":"","meta":{"advanced_seo_description":"","jetpack_seo_html_title":"","jetpack_seo_noindex":false,"footnotes":""},"class_list":["post-30819","page","type-page","status-publish","hentry"],"jetpack_sharing_enabled":true,"_links":{"self":[{"href":"https:\/\/esel-walk-wesel.de\/index.php\/wp-json\/wp\/v2\/pages\/30819","targetHints":{"allow":["GET"]}}],"collection":[{"href":"https:\/\/esel-walk-wesel.de\/index.php\/wp-json\/wp\/v2\/pages"}],"about":[{"href":"https:\/\/esel-walk-wesel.de\/index.php\/wp-json\/wp\/v2\/types\/page"}],"author":[{"embeddable":true,"href":"https:\/\/esel-walk-wesel.de\/index.php\/wp-json\/wp\/v2\/users\/1"}],"replies":[{"embeddable":true,"href":"https:\/\/esel-walk-wesel.de\/index.php\/wp-json\/wp\/v2\/comments?post=30819"}],"version-history":[{"count":0,"href":"https:\/\/esel-walk-wesel.de\/index.php\/wp-json\/wp\/v2\/pages\/30819\/revisions"}],"wp:attachment":[{"href":"https:\/\/esel-walk-wesel.de\/index.php\/wp-json\/wp\/v2\/media?parent=30819"}],"curies":[{"name":"wp","href":"https:\/\/api.w.org\/{rel}","templated":true}]}}