{"id":25465,"date":"2017-02-23T12:49:42","date_gmt":"2017-02-23T11:49:42","guid":{"rendered":"http:\/\/www.mfdsgn.com\/mfd\/?page_id=25465"},"modified":"2026-04-21T13:50:40","modified_gmt":"2026-04-21T11:50:40","slug":"business-1","status":"publish","type":"page","link":"https:\/\/esel-walk-wesel.de\/","title":{"rendered":"Startseite"},"content":{"rendered":"<div class=\"wpb-content-wrapper\"><p>[vc_row full_width=&#8221;stretch_row_content_no_spaces&#8221; css=&#8221;.vc_custom_1679216016189{margin-top: -20px !important;}&#8221;][vc_column][vc_single_image image=&#8221;32225&#8243; img_size=&#8221;full&#8221;][\/vc_column][\/vc_row][vc_row][vc_column][vc_column_text]<a href=\"https:\/\/www.youtube.com\/watch?v=Edylx7gnYn0\" target=\"_blank\" rel=\"noopener\">Youtube Video Lauffreunde HADI Wesel e.V. click<\/a>[\/vc_column_text][vc_empty_space][\/vc_column][\/vc_row][vc_row][vc_column width=&#8221;1\/6&#8243;][vc_single_image image=&#8221;31884&#8243; img_size=&#8221;medium&#8221; alignment=&#8221;center&#8221;][vc_column_text][\/vc_column_text][vc_empty_space][vc_empty_space][\/vc_column][vc_column width=&#8221;2\/3&#8243;][vc_custom_heading text=&#8221;7. Esel-Walk Wesel&#8221; font_container=&#8221;tag:h1|text_align:center|color:%23000000&#8243; google_fonts=&#8221;font_family:Open%20Sans%3A300%2C300italic%2Cregular%2Citalic%2C600%2C600italic%2C700%2C700italic%2C800%2C800italic|font_style:400%20regular%3A400%3Anormal&#8221; css=&#8221;&#8221;][vc_empty_space height=&#8221;35&#8243;][vc_column_text css=&#8221;&#8221;]<\/p>\n<h2 style=\"text-align: center;\">Freitag, den 22. Mai 2026<\/h2>\n<h2 style=\"text-align: center;\">um 19:15 Uhr<\/h2>\n<p style=\"text-align: center;\">Zeitnahme der 7,5 km Strecke muss bis 20:45 Uhr bew\u00e4ltigt sein, ansonsten keine Zeitnahme mehr!<\/p>\n<p>[\/vc_column_text][vc_column_text css=&#8221;&#8221;]<\/p>\n<h3 style=\"text-align: center;\"><a href=\"https:\/\/www.taf-timing.de\/?q=eselwalk2026\">Anmeldung<\/a><\/h3>\n<p>[\/vc_column_text][vc_empty_space height=&#8221;35&#8243;][\/vc_column][vc_column width=&#8221;1\/6&#8243;][vc_single_image image=&#8221;32397&#8243; img_size=&#8221;full&#8221; alignment=&#8221;center&#8221;][\/vc_column][\/vc_row][vc_row][vc_column][vc_empty_space height=&#8221;20px&#8221;][vc_separator color=&#8221;green&#8221; border_width=&#8221;2&#8243; el_width=&#8221;80&#8243;][vc_empty_space height=&#8221;40px&#8221;][\/vc_column][\/vc_row][vc_row][vc_column width=&#8221;1\/3&#8243;][vc_single_image image=&#8221;31625&#8243; img_size=&#8221;large&#8221;][\/vc_column][vc_column width=&#8221;1\/3&#8243;][vc_custom_heading text=&#8221;Ausschreibung 2026&#8243; font_container=&#8221;tag:h2|text_align:center&#8221; google_fonts=&#8221;font_family:Open%20Sans%3A300%2C300italic%2Cregular%2Citalic%2C600%2C600italic%2C700%2C700italic%2C800%2C800italic|font_style:400%20regular%3A400%3Anormal&#8221; css=&#8221;&#8221;][vc_empty_space][vc_toggle title=&#8221;VERANSTALTER&#8221; style=&#8221;arrow&#8221; color=&#8221;blue&#8221;]<\/p>\n<p style=\"text-align: center;\"><a href=\"https:\/\/hadi-wesel.de\" target=\"_blank\" rel=\"noopener\"><img data-recalc-dims=\"1\" loading=\"lazy\" decoding=\"async\" class=\"alignnone wp-image-31824\" src=\"https:\/\/i0.wp.com\/esel-walk-wesel.de\/wp-content\/uploads\/2021\/02\/Hadi_Logo.png?resize=135%2C135&#038;ssl=1\" alt=\"\" width=\"135\" height=\"135\" srcset=\"https:\/\/i0.wp.com\/esel-walk-wesel.de\/wp-content\/uploads\/2021\/02\/Hadi_Logo.png?resize=300%2C300&amp;ssl=1 300w, https:\/\/i0.wp.com\/esel-walk-wesel.de\/wp-content\/uploads\/2021\/02\/Hadi_Logo.png?resize=1024%2C1024&amp;ssl=1 1024w, https:\/\/i0.wp.com\/esel-walk-wesel.de\/wp-content\/uploads\/2021\/02\/Hadi_Logo.png?resize=150%2C150&amp;ssl=1 150w, https:\/\/i0.wp.com\/esel-walk-wesel.de\/wp-content\/uploads\/2021\/02\/Hadi_Logo.png?resize=768%2C768&amp;ssl=1 768w, https:\/\/i0.wp.com\/esel-walk-wesel.de\/wp-content\/uploads\/2021\/02\/Hadi_Logo.png?resize=1536%2C1536&amp;ssl=1 1536w, https:\/\/i0.wp.com\/esel-walk-wesel.de\/wp-content\/uploads\/2021\/02\/Hadi_Logo.png?resize=500%2C500&amp;ssl=1 500w, https:\/\/i0.wp.com\/esel-walk-wesel.de\/wp-content\/uploads\/2021\/02\/Hadi_Logo.png?resize=1000%2C1000&amp;ssl=1 1000w, https:\/\/i0.wp.com\/esel-walk-wesel.de\/wp-content\/uploads\/2021\/02\/Hadi_Logo.png?w=1603&amp;ssl=1 1603w, https:\/\/i0.wp.com\/esel-walk-wesel.de\/wp-content\/uploads\/2021\/02\/Hadi_Logo.png?w=1280&amp;ssl=1 1280w\" sizes=\"auto, (max-width: 135px) 100vw, 135px\" \/><\/a><\/p>\n<p style=\"text-align: center;\"><a href=\"https:\/\/hadi-wesel.de\" target=\"_blank\" rel=\"noopener\">Lauffreunde HADI Wesel e.V.<\/a><\/p>\n<p>[\/vc_toggle][vc_toggle title=&#8221;DATUM &amp; UHRZEIT&#8221; style=&#8221;arrow&#8221; color=&#8221;blue&#8221; open=&#8221;true&#8221; css=&#8221;&#8221;]<\/p>\n<p style=\"text-align: center;\"><span style=\"color: #000000;\">Freitag, 22. Mai 2026 um 19:15 Uhr<\/span><\/p>\n<p style=\"text-align: center;\"><span style=\"color: #000000;\"><style type='text\/css'>.wpcdt-timer-32247 .wpcdt-clock{max-width: 300px;}<\/style>\n<div class=\"wpcdt-wrap wpcdt-timer-wrap wpcdt-clearfix  wpcdt-timer-circle wpcdt-timer-32247\" data-conf=\"{&quot;current_date&quot;:&quot;2026-05-06 13:03:45&quot;,&quot;expiry_date&quot;:&quot;2026-05-22 19:15:00&quot;,&quot;timercircle_animation&quot;:&quot;smooth&quot;,&quot;timercircle_width&quot;:0.1,&quot;timer_bg_width&quot;:1.2,&quot;timer_bgclr&quot;:&quot;#c1d6b3&quot;,&quot;timer_day_bgclr&quot;:&quot;#81d742&quot;,&quot;timer_hour_bgclr&quot;:&quot;#81d742&quot;,&quot;timer_minute_bgclr&quot;:&quot;#81d742&quot;,&quot;timer_second_bgclr&quot;:&quot;#81d742&quot;,&quot;day_text&quot;:&quot;Days&quot;,&quot;hour_text&quot;:&quot;Hours&quot;,&quot;minute_text&quot;:&quot;Minutes&quot;,&quot;second_text&quot;:&quot;Seconds&quot;,&quot;is_days&quot;:1,&quot;is_hours&quot;:1,&quot;is_minutes&quot;:1,&quot;is_seconds&quot;:&quot;&quot;}\">\n\t<div class=\"wpcdt-timer-inr wpcdt-timer wpcdt-timer-js\" id=\"wpcdt-timer-1\" data-id=\"32247\">\n\t\t<div class=\"wpcdt-clock wpcdt-clock-circle\" data-timer=\"1404675\"><\/div>\n\t<\/div>\n<\/div><\/span><\/p>\n<p>[\/vc_toggle][vc_toggle title=&#8221;ZEITNAHME &amp; AUSWERTUNG&#8221; style=&#8221;arrow&#8221; color=&#8221;blue&#8221;]<\/p>\n<figure id=\"attachment_31520\" aria-describedby=\"caption-attachment-31520\" style=\"width: 147px\" class=\"wp-caption alignnone\"><a href=\"https:\/\/TAF-timing.de\" target=\"_blank\" rel=\"noopener\"><img data-recalc-dims=\"1\" loading=\"lazy\" decoding=\"async\" class=\"size-full wp-image-31520\" src=\"https:\/\/i0.wp.com\/esel-walk-wesel.de\/wp-content\/uploads\/2020\/02\/taff-timing.jpg?resize=147%2C83&#038;ssl=1\" alt=\"TAF Timing\" width=\"147\" height=\"83\" \/><\/a><figcaption id=\"caption-attachment-31520\" class=\"wp-caption-text\">TAF Timing<\/figcaption><\/figure>\n<p>[\/vc_toggle][vc_toggle title=&#8221;STRECKE&#8221; style=&#8221;arrow&#8221; color=&#8221;blue&#8221;]<\/p>\n<p style=\"text-align: center;\">2 Runden auf der beleuchteten Strecke am Westenergie Auestadion | 7,5 km | sportabzeichenf\u00e4hig.<\/p>\n<p style=\"text-align: center;\"><img data-recalc-dims=\"1\" loading=\"lazy\" decoding=\"async\" class=\"alignnone size-medium wp-image-31816\" src=\"https:\/\/i0.wp.com\/esel-walk-wesel.de\/wp-content\/uploads\/2020\/12\/WE-20-091_Online-Banner_Auestadion_Wesel_1903x254px_LY.jpg?resize=300%2C40&#038;ssl=1\" alt=\"\" width=\"300\" height=\"40\" srcset=\"https:\/\/i0.wp.com\/esel-walk-wesel.de\/wp-content\/uploads\/2020\/12\/WE-20-091_Online-Banner_Auestadion_Wesel_1903x254px_LY.jpg?resize=300%2C40&amp;ssl=1 300w, https:\/\/i0.wp.com\/esel-walk-wesel.de\/wp-content\/uploads\/2020\/12\/WE-20-091_Online-Banner_Auestadion_Wesel_1903x254px_LY.jpg?resize=1024%2C137&amp;ssl=1 1024w, https:\/\/i0.wp.com\/esel-walk-wesel.de\/wp-content\/uploads\/2020\/12\/WE-20-091_Online-Banner_Auestadion_Wesel_1903x254px_LY.jpg?resize=768%2C103&amp;ssl=1 768w, https:\/\/i0.wp.com\/esel-walk-wesel.de\/wp-content\/uploads\/2020\/12\/WE-20-091_Online-Banner_Auestadion_Wesel_1903x254px_LY.jpg?resize=1536%2C205&amp;ssl=1 1536w, https:\/\/i0.wp.com\/esel-walk-wesel.de\/wp-content\/uploads\/2020\/12\/WE-20-091_Online-Banner_Auestadion_Wesel_1903x254px_LY.jpg?resize=500%2C67&amp;ssl=1 500w, https:\/\/i0.wp.com\/esel-walk-wesel.de\/wp-content\/uploads\/2020\/12\/WE-20-091_Online-Banner_Auestadion_Wesel_1903x254px_LY.jpg?w=1903&amp;ssl=1 1903w, https:\/\/i0.wp.com\/esel-walk-wesel.de\/wp-content\/uploads\/2020\/12\/WE-20-091_Online-Banner_Auestadion_Wesel_1903x254px_LY.jpg?w=1280&amp;ssl=1 1280w\" sizes=\"auto, (max-width: 300px) 100vw, 300px\" \/><\/p>\n<figure id=\"attachment_31189\" aria-describedby=\"caption-attachment-31189\" style=\"width: 300px\" class=\"wp-caption alignnone\"><img data-recalc-dims=\"1\" loading=\"lazy\" decoding=\"async\" class=\"size-medium wp-image-31189\" src=\"https:\/\/i0.wp.com\/esel-walk-wesel.de\/wp-content\/uploads\/2020\/02\/strecke-1.jpg?resize=300%2C258&#038;ssl=1\" alt=\"Laufstrecke am Auesee\" width=\"300\" height=\"258\" \/><figcaption id=\"caption-attachment-31189\" class=\"wp-caption-text\">Laufstrecke am Auesee<\/figcaption><\/figure>\n<p style=\"text-align: center;\"><em>Das Mitf\u00fchren von Tieren und Kinderwagen (Jogger) ist aufgrund von Verletzungsrisiken auf der Strecke untersagt.<\/em><\/p>\n<p>[\/vc_toggle][vc_toggle title=&#8221;ANMELDUNG &amp; STARTGEB\u00dcHR&#8221; style=&#8221;arrow&#8221; color=&#8221;blue&#8221; css=&#8221;&#8221;]Startgeb\u00fchr 13,- Euro<\/p>\n<p><a href=\"https:\/\/www.taf-timing.de\/?q=eselwalk2026\">Anmeldung hier<\/a>[\/vc_toggle][vc_toggle title=&#8221;VOR ORT INFORMATIONEN&#8221; style=&#8221;arrow&#8221; color=&#8221;blue&#8221;]UMKLEIDE | DUSCHEN: Im Stadion vorhanden<\/p>\n<p>NACH DEM LAUF: K\u00f6nnen am Grill noch Fachgespr\u00e4che gef\u00fchrt werden.[\/vc_toggle][\/vc_column][vc_column width=&#8221;1\/3&#8243; alignment=&#8221;left&#8221;][vc_single_image image=&#8221;31626&#8243; img_size=&#8221;large&#8221;][\/vc_column][\/vc_row][vc_row][vc_column][vc_empty_space height=&#8221;20px&#8221;][vc_separator color=&#8221;green&#8221; border_width=&#8221;2&#8243; el_width=&#8221;80&#8243;][vc_empty_space height=&#8221;40px&#8221;][\/vc_column][\/vc_row][vc_row full_width=&#8221;stretch_row&#8221; content_placement=&#8221;middle&#8221; disable_element=&#8221;yes&#8221;][vc_column][vc_custom_heading text=&#8221;Neuigkeiten&#8221; font_container=&#8221;tag:h2|text_align:center&#8221; google_fonts=&#8221;font_family:Open%20Sans%3A300%2C300italic%2Cregular%2Citalic%2C600%2C600italic%2C700%2C700italic%2C800%2C800italic|font_style:400%20regular%3A400%3Anormal&#8221;][vc_empty_space][vc_basic_grid post_type=&#8221;post&#8221; max_items=&#8221;3&#8243; style=&#8221;load-more&#8221; btn_align=&#8221;center&#8221; btn_custom_onclick=&#8221;true&#8221; grid_id=&#8221;vc_gid:1776771901570-456d74c7-d05f-2&#8243; taxonomies=&#8221;18&#8243;][\/vc_column][\/vc_row][vc_row disable_element=&#8221;yes&#8221;][vc_column][vc_empty_space height=&#8221;20px&#8221;][vc_separator color=&#8221;green&#8221; border_width=&#8221;2&#8243; el_width=&#8221;80&#8243;][vc_empty_space height=&#8221;40px&#8221;][\/vc_column][\/vc_row][vc_row][vc_column][vc_single_image image=&#8221;31069&#8243; img_size=&#8221;full&#8221; alignment=&#8221;center&#8221; style=&#8221;vc_box_shadow_circle&#8221;][\/vc_column][\/vc_row][vc_row][vc_column][vc_empty_space][vc_custom_heading text=&#8221;Wir freuen uns auf Euch!&#8221; font_container=&#8221;tag:h4|text_align:center|color:%230ed300&#8243; google_fonts=&#8221;font_family:Open%20Sans%3A300%2C300italic%2Cregular%2Citalic%2C600%2C600italic%2C700%2C700italic%2C800%2C800italic|font_style:400%20regular%3A400%3Anormal&#8221;][vc_empty_space][vc_column_text]<\/p>\n<p style=\"text-align: center;\"><span style=\"color: #333333;\">Die Lauffreunde HADI Wesel e. V.<\/span><\/p>\n<p style=\"text-align: center;\"><span style=\"color: #333333;\">Wer Lust hat mit den HADI`s das ganze Jahr zu Walken, kann sich gerne mit uns in Verbindung setzen.<\/span><\/p>\n<p style=\"text-align: center;\"><span style=\"color: #333333;\">Die Ansprechpartner findest du auf unserer Kontakt-Seite unter folgendem Link.<\/span><\/p>\n<p>[\/vc_column_text][vc_btn title=&#8221;Kontakt zu den HADI`s&#8221; color=&#8221;green&#8221; align=&#8221;center&#8221; i_type=&#8221;linecons&#8221; i_icon_linecons=&#8221;vc_li vc_li-paperplane&#8221; css_animation=&#8221;fadeInRight&#8221; add_icon=&#8221;true&#8221; link=&#8221;url:https%3A%2F%2Fesel-walk-wesel.de%2Findex.php%2Fhomepages%2Fkontakt%2F|title:Kontakt|target:%20_blank|&#8221;][\/vc_column][\/vc_row][vc_row][vc_column][vc_empty_space height=&#8221;20px&#8221;][vc_separator color=&#8221;green&#8221; border_width=&#8221;2&#8243; el_width=&#8221;80&#8243;][vc_empty_space height=&#8221;40px&#8221;][\/vc_column][\/vc_row][vc_row content_placement=&#8221;middle&#8221; css=&#8221;.vc_custom_1742211419290{margin-bottom: 0px !important;border-bottom-width: 15px !important;padding-top: 55px !important;padding-bottom: 35px !important;border-color: #ffffff !important;}&#8221;][vc_column width=&#8221;1\/4&#8243;][\/vc_column][vc_column width=&#8221;1\/2&#8243;][vc_custom_heading text=&#8221;Sponsoren&#8221; font_container=&#8221;tag:h2|text_align:center&#8221; google_fonts=&#8221;font_family:Open%20Sans%3A300%2C300italic%2Cregular%2Citalic%2C600%2C600italic%2C700%2C700italic%2C800%2C800italic|font_style:400%20regular%3A400%3Anormal&#8221;][vc_empty_space height=&#8221;32&#8243;][\/vc_column][vc_column width=&#8221;1\/4&#8243;][\/vc_column][\/vc_row][vc_row][vc_column][vc_row_inner][vc_column_inner width=&#8221;1\/6&#8243;][vc_single_image image=&#8221;31910&#8243; img_size=&#8221;full&#8221; css=&#8221;&#8221;][\/vc_column_inner][vc_column_inner width=&#8221;1\/6&#8243;][vc_single_image image=&#8221;31906&#8243; img_size=&#8221;full&#8221; css=&#8221;&#8221;][\/vc_column_inner][vc_column_inner width=&#8221;1\/6&#8243;][vc_single_image image=&#8221;31905&#8243; img_size=&#8221;full&#8221; css=&#8221;&#8221;][\/vc_column_inner][vc_column_inner width=&#8221;1\/6&#8243;][vc_single_image image=&#8221;31903&#8243; img_size=&#8221;full&#8221; css=&#8221;&#8221;][\/vc_column_inner][vc_column_inner width=&#8221;1\/6&#8243;][vc_single_image image=&#8221;31902&#8243; img_size=&#8221;full&#8221; css=&#8221;&#8221;][\/vc_column_inner][vc_column_inner width=&#8221;1\/6&#8243;][vc_single_image image=&#8221;31900&#8243; img_size=&#8221;full&#8221; css=&#8221;&#8221;][\/vc_column_inner][\/vc_row_inner][vc_empty_space height=&#8221;20px&#8221;][vc_separator color=&#8221;green&#8221; border_width=&#8221;2&#8243; el_width=&#8221;80&#8243;][vc_empty_space height=&#8221;40px&#8221;][\/vc_column][\/vc_row][vc_row][vc_column width=&#8221;1\/2&#8243;][vc_gallery type=&#8221;flexslider_slide&#8221; interval=&#8221;0&#8243; images=&#8221;31625&#8243; img_size=&#8221;medium&#8221; onclick=&#8221;img_link_large&#8221;][\/vc_column][vc_column width=&#8221;1\/2&#8243;][vc_column_text]<\/p>\n<p style=\"text-align: left;\"><img data-recalc-dims=\"1\" loading=\"lazy\" decoding=\"async\" class=\"wp-image-31382 alignleft\" src=\"https:\/\/i0.wp.com\/esel-walk-wesel.de\/wp-content\/uploads\/2020\/02\/esel.png?resize=127%2C202&#038;ssl=1\" alt=\"\" width=\"127\" height=\"202\" srcset=\"https:\/\/i0.wp.com\/esel-walk-wesel.de\/wp-content\/uploads\/2020\/02\/esel.png?resize=189%2C300&amp;ssl=1 189w, https:\/\/i0.wp.com\/esel-walk-wesel.de\/wp-content\/uploads\/2020\/02\/esel.png?w=200&amp;ssl=1 200w\" sizes=\"auto, (max-width: 127px) 100vw, 127px\" \/><\/p>\n<p style=\"text-align: left;\">Die Lauffreunde HADI Wesel gr\u00fcndeten sich 1993 als Laufverein.<\/p>\n<p>&nbsp;<\/p>\n<p style=\"text-align: left;\">Im Jahr 2015 startete eine kleine Gruppe Walker und Nordic Walker innerhalb des Vereins, welche auch an Wettk\u00e4mpfen teilnahmen.<\/p>\n<p>&nbsp;<\/p>\n<p style=\"text-align: left;\">Um dies als Sportart anbieten zu k\u00f6nnen, wurden zwei Walking \/ Nordic Walking Instruktoren ausgebildet. Schon der erste Kurs im Jahr 2016, die \u201eWeseler Deichg\u00e4nger\u201c, war ein voller Erfolg.<\/p>\n<p>[\/vc_column_text][vc_empty_space][vc_column_text]<\/p>\n<p style=\"text-align: left;\">Da sich die Anzahl der Walking Interessierten von Jahr zu Jahr steigerte, kam bei den HADIs die Idee auf, einen eigenen Wettkampf anzubieten.<br \/>\nEs dauerte dann noch zwei Jahre bis zur Umsetzung des 1. Esel-Walk Wesel.<br \/>\nAm 18. Mai 2019 hatte der Esel-Walk mit 75 Teilnehmern und einem sch\u00f6nen Rahmenprogramm eine gelungene Premiere.<\/p>\n<p>[\/vc_column_text][\/vc_column][\/vc_row][vc_row][vc_column][vc_empty_space height=&#8221;32&#8243;][vc_btn title=&#8221;R\u00fcckblick&#8221; color=&#8221;green&#8221; align=&#8221;center&#8221; i_type=&#8221;linecons&#8221; i_icon_linecons=&#8221;vc_li vc_li-eye&#8221; css_animation=&#8221;fadeInRight&#8221; css=&#8221;&#8221; add_icon=&#8221;true&#8221; link=&#8221;url:https%3A%2F%2Fesel-walk-wesel.de%2Findex.php%2Frueckblick%2F|title:Kontakt|target:%20_blank|&#8221;][\/vc_column][\/vc_row][vc_row][vc_column width=&#8221;1\/3&#8243;][vc_single_image image=&#8221;32573&#8243; img_size=&#8221;medium&#8221; alignment=&#8221;center&#8221; style=&#8221;vc_box_shadow_3d&#8221; onclick=&#8221;custom_link&#8221; css=&#8221;&#8221; link=&#8221;https:\/\/esel-walk-wesel.de\/index.php\/2025-2\/&#8221;][\/vc_column][vc_column width=&#8221;1\/3&#8243;][vc_single_image image=&#8221;32424&#8243; img_size=&#8221;medium&#8221; alignment=&#8221;center&#8221; style=&#8221;vc_box_shadow_3d&#8221; onclick=&#8221;custom_link&#8221; link=&#8221;https:\/\/esel-walk-wesel.de\/index.php\/2024-2\/&#8221;][\/vc_column][vc_column width=&#8221;1\/3&#8243;][vc_single_image image=&#8221;32346&#8243; img_size=&#8221;medium&#8221; alignment=&#8221;center&#8221; style=&#8221;vc_box_shadow_3d&#8221; onclick=&#8221;custom_link&#8221; link=&#8221;https:\/\/esel-walk-wesel.de\/index.php\/2023-2\/&#8221;][\/vc_column][\/vc_row][vc_row][vc_column width=&#8221;1\/4&#8243;][vc_single_image image=&#8221;32140&#8243; img_size=&#8221;medium&#8221; alignment=&#8221;center&#8221; style=&#8221;vc_box_shadow_3d&#8221; onclick=&#8221;custom_link&#8221; link=&#8221;https:\/\/esel-walk-wesel.de\/index.php\/2022-2\/&#8221;][\/vc_column][vc_column width=&#8221;1\/4&#8243;][vc_single_image image=&#8221;31914&#8243; img_size=&#8221;medium&#8221; alignment=&#8221;center&#8221; style=&#8221;vc_box_shadow_3d&#8221; onclick=&#8221;custom_link&#8221; link=&#8221;https:\/\/esel-walk-wesel.de\/index.php\/2021-2\/&#8221;][\/vc_column][vc_column width=&#8221;1\/4&#8243;][vc_single_image image=&#8221;31741&#8243; img_size=&#8221;medium&#8221; alignment=&#8221;center&#8221; style=&#8221;vc_box_shadow_3d&#8221; onclick=&#8221;custom_link&#8221; link=&#8221;https:\/\/esel-walk-wesel.de\/index.php\/2020-2\/&#8221;][\/vc_column][vc_column width=&#8221;1\/4&#8243;][vc_single_image image=&#8221;31740&#8243; img_size=&#8221;medium&#8221; alignment=&#8221;center&#8221; style=&#8221;vc_box_shadow_3d&#8221; onclick=&#8221;custom_link&#8221; link=&#8221;https:\/\/esel-walk-wesel.de\/index.php\/2019-2\/&#8221;][\/vc_column][\/vc_row]<\/p>\n<\/div>","protected":false},"excerpt":{"rendered":"<p>[vc_row full_width=&#8221;stretch_row_content_no_spaces&#8221; css=&#8221;.vc_custom_1679216016189{margin-top: -20px !important;}&#8221;][vc_column][vc_single_image image=&#8221;32225&#8243; img_size=&#8221;full&#8221;][\/vc_column][\/vc_row][vc_row][vc_column][vc_column_text]Youtube Video Lauffreunde HADI Wesel e.V. click[\/vc_column_text][vc_empty_space][\/vc_column][\/vc_row][vc_row][vc_column width=&#8221;1\/6&#8243;][vc_single_image image=&#8221;31884&#8243; img_size=&#8221;medium&#8221; alignment=&#8221;center&#8221;][vc_column_text][\/vc_column_text][vc_empty_space][vc_empty_space][\/vc_column][vc_column width=&#8221;2\/3&#8243;][vc_custom_heading text=&#8221;7. Esel-Walk Wesel&#8221; font_container=&#8221;tag:h1|text_align:center|color:%23000000&#8243; google_fonts=&#8221;font_family:Open%20Sans%3A300%2C300italic%2Cregular%2Citalic%2C600%2C600italic%2C700%2C700italic%2C800%2C800italic|font_style:400%20regular%3A400%3Anormal&#8221; css=&#8221;&#8221;][vc_empty_space height=&#8221;35&#8243;][vc_column_text css=&#8221;&#8221;] Freitag, den 22. Mai 2026 um 19:15 Uhr Zeitnahme der 7,5 km Strecke muss bis 20:45 Uhr bew\u00e4ltigt sein, ansonsten keine Zeitnahme mehr! [\/vc_column_text][vc_column_text css=&#8221;&#8221;] Anmeldung [\/vc_column_text][vc_empty_space height=&#8221;35&#8243;][\/vc_column][vc_column width=&#8221;1\/6&#8243;][vc_single_image [&hellip;]<\/p>\n","protected":false},"author":1,"featured_media":0,"parent":0,"menu_order":0,"comment_status":"closed","ping_status":"closed","template":"","meta":{"advanced_seo_description":"","jetpack_seo_html_title":"","jetpack_seo_noindex":false,"footnotes":""},"class_list":["post-25465","page","type-page","status-publish","hentry"],"jetpack_sharing_enabled":true,"_links":{"self":[{"href":"https:\/\/esel-walk-wesel.de\/index.php\/wp-json\/wp\/v2\/pages\/25465","targetHints":{"allow":["GET"]}}],"collection":[{"href":"https:\/\/esel-walk-wesel.de\/index.php\/wp-json\/wp\/v2\/pages"}],"about":[{"href":"https:\/\/esel-walk-wesel.de\/index.php\/wp-json\/wp\/v2\/types\/page"}],"author":[{"embeddable":true,"href":"https:\/\/esel-walk-wesel.de\/index.php\/wp-json\/wp\/v2\/users\/1"}],"replies":[{"embeddable":true,"href":"https:\/\/esel-walk-wesel.de\/index.php\/wp-json\/wp\/v2\/comments?post=25465"}],"version-history":[{"count":27,"href":"https:\/\/esel-walk-wesel.de\/index.php\/wp-json\/wp\/v2\/pages\/25465\/revisions"}],"predecessor-version":[{"id":32695,"href":"https:\/\/esel-walk-wesel.de\/index.php\/wp-json\/wp\/v2\/pages\/25465\/revisions\/32695"}],"wp:attachment":[{"href":"https:\/\/esel-walk-wesel.de\/index.php\/wp-json\/wp\/v2\/media?parent=25465"}],"curies":[{"name":"wp","href":"https:\/\/api.w.org\/{rel}","templated":true}]}}